{"id":1134,"date":"2016-10-13T16:21:02","date_gmt":"2016-10-13T14:21:02","guid":{"rendered":"http:\/\/www.mcplast.it\/de\/?page_id=1134"},"modified":"2021-06-07T16:57:06","modified_gmt":"2021-06-07T14:57:06","slug":"produktion","status":"publish","type":"page","link":"https:\/\/www.mcplast.it\/de\/produktion\/","title":{"rendered":"Produktion"},"content":{"rendered":"<div class=\"fusion-fullwidth fullwidth-box fusion-builder-row-1 nonhundred-percent-fullwidth non-hundred-percent-height-scrolling\" style=\"--awb-background-position:left top;--awb-border-radius-top-left:0px;--awb-border-radius-top-right:0px;--awb-border-radius-bottom-right:0px;--awb-border-radius-bottom-left:0px;--awb-padding-top:20px;--awb-padding-bottom:20px;--awb-border-sizes-top:0px;--awb-border-sizes-bottom:0px;--awb-flex-wrap:wrap;\" ><div class=\"fusion-builder-row fusion-row\"><div class=\"fusion-layout-column fusion_builder_column fusion-builder-column-0 fusion_builder_column_1_1 1_1 fusion-one-full fusion-column-first fusion-column-last\" style=\"--awb-bg-size:cover;\"><div class=\"fusion-column-wrapper fusion-flex-column-wrapper-legacy\"><div class=\"fusion-text fusion-text-1\"><p>Die <b>Konstruktion der Ausr\u00fcstungen<\/b><b> <\/b>wird unter Verwendung <b>hochtechnologischer Maschinen durchgef\u00fchrt.<\/b><\/p>\n<p>Drahterodiermaschinen <b>AgieCharmilles, Bearbeitungszentren <\/b>der europ\u00e4ischen Produktion, Europ\u00e4ische Produktionszentren f\u00fcr <b>Tiefbohrungen<\/b>, Maschinen f\u00fcr<b> Schleif-Poliermittel<\/b>; NC-Maschinen, die herk\u00f6mmliche Systeme unterst\u00fctzen, die, notwendigerweise, immer noch Teil des Produktionssystems von MC PLAST sind.<\/p>\n<p>Die Ausr\u00fcstung wird komplett mit Stahl von h\u00f6chster Qualit\u00e4t hergestellt, mit H\u00e4rte und hohem Prozentanteil von Chrom (von 13% auf 17%), die Verwendung von Materialien, die in der Qualit\u00e4t &#8218;und der Merkmale zertifiziert wurden, erm\u00f6glicht es unserem Unternehmen jedem Kunden zu garantieren, dass sich die Abmessungen und das Aussehen des extrudierten Profils nicht mit der Zeit \u00e4ndern aufgrund von vorzeitigem Verschlei\u00df des Druckwerks.<\/p>\n<p>Schwerpunkt und Antrieb unserer Produktion sind jedoch unsere Techniker, die durch ihre Kompetenz und Professionalit\u00e4t die Zuverl\u00e4ssigkeit und Qualit\u00e4t garantieren, mit welcher wir unsere Ausr\u00fcstungen konstruieren.<\/p>\n<\/div><div class=\"fusion-text fusion-text-2\">\n\t\t<style type=\"text\/css\">\n\t\t\t#gallery-1 {\n\t\t\t\tmargin: auto;\n\t\t\t}\n\t\t\t#gallery-1 .gallery-item {\n\t\t\t\tfloat: left;\n\t\t\t\tmargin-top: 10px;\n\t\t\t\ttext-align: center;\n\t\t\t\twidth: 25%;\n\t\t\t}\n\t\t\t#gallery-1 img {\n\t\t\t\tborder: 2px solid #cfcfcf;\n\t\t\t}\n\t\t\t#gallery-1 .gallery-caption {\n\t\t\t\tmargin-left: 0;\n\t\t\t}\n\t\t\t\/* see gallery_shortcode() in wp-includes\/media.php *\/\n\t\t<\/style>\n\t\t<div id='gallery-1' class='gallery galleryid-1134 gallery-columns-4 gallery-size-thumbnail'><dl class='gallery-item'>\n\t\t\t<dt class='gallery-icon landscape'>\n\t\t\t\t<a data-rel=\"iLightbox[postimages]\" data-title=\"cnc\" data-caption=\"\" href='https:\/\/www.mcplast.it\/wp-content\/uploads\/2016\/10\/cnc.jpg'><img decoding=\"async\" width=\"150\" height=\"144\" src=\"https:\/\/www.mcplast.it\/wp-content\/uploads\/2016\/10\/cnc-150x144.jpg\" class=\"attachment-thumbnail size-thumbnail\" alt=\"\" \/><\/a>\n\t\t\t<\/dt><\/dl><dl class='gallery-item'>\n\t\t\t<dt class='gallery-icon landscape'>\n\t\t\t\t<a data-rel=\"iLightbox[postimages]\" data-title=\"eletroerosione\" data-caption=\"\" href='https:\/\/www.mcplast.it\/wp-content\/uploads\/2016\/10\/eletroerosione.jpg'><img decoding=\"async\" width=\"150\" height=\"144\" src=\"https:\/\/www.mcplast.it\/wp-content\/uploads\/2016\/10\/eletroerosione-150x144.jpg\" class=\"attachment-thumbnail size-thumbnail\" alt=\"\" \/><\/a>\n\t\t\t<\/dt><\/dl>\n\t\t\t<br style='clear: both' \/>\n\t\t<\/div>\n\n<\/div><div class=\"fusion-clearfix\"><\/div><\/div><\/div><\/div><\/div>\n","protected":false},"excerpt":{"rendered":"","protected":false},"author":1,"featured_media":0,"parent":0,"menu_order":5,"comment_status":"open","ping_status":"closed","template":"","meta":{"_monsterinsights_skip_tracking":false,"_monsterinsights_sitenote_active":false,"_monsterinsights_sitenote_note":"","_monsterinsights_sitenote_category":0,"footnotes":""},"class_list":["post-1134","page","type-page","status-publish","hentry"],"yoast_head":"<!-- This site is optimized with the Yoast SEO plugin v27.5 - https:\/\/yoast.com\/product\/yoast-seo-wordpress\/ -->\n<title>Produktion - MC Plast<\/title>\n<meta name=\"robots\" content=\"index, follow, max-snippet:-1, max-image-preview:large, max-video-preview:-1\" \/>\n<link rel=\"canonical\" href=\"https:\/\/www.mcplast.it\/de\/produktion\/\" \/>\n<meta property=\"og:locale\" content=\"de_DE\" \/>\n<meta property=\"og:type\" content=\"article\" \/>\n<meta property=\"og:title\" content=\"Produktion - MC Plast\" \/>\n<meta property=\"og:url\" content=\"https:\/\/www.mcplast.it\/de\/produktion\/\" \/>\n<meta property=\"og:site_name\" content=\"MC Plast\" \/>\n<meta property=\"article:modified_time\" content=\"2021-06-07T14:57:06+00:00\" \/>\n<meta name=\"twitter:card\" content=\"summary_large_image\" \/>\n<meta name=\"twitter:label1\" content=\"Gesch\u00e4tzte Lesezeit\" \/>\n\t<meta name=\"twitter:data1\" content=\"2\u00a0Minuten\" \/>\n<script type=\"application\/ld+json\" class=\"yoast-schema-graph\">{\"@context\":\"https:\\\/\\\/schema.org\",\"@graph\":[{\"@type\":\"WebPage\",\"@id\":\"https:\\\/\\\/www.mcplast.it\\\/de\\\/produktion\\\/\",\"url\":\"https:\\\/\\\/www.mcplast.it\\\/de\\\/produktion\\\/\",\"name\":\"Produktion - MC Plast\",\"isPartOf\":{\"@id\":\"https:\\\/\\\/www.mcplast.it\\\/de\\\/#website\"},\"datePublished\":\"2016-10-13T14:21:02+00:00\",\"dateModified\":\"2021-06-07T14:57:06+00:00\",\"breadcrumb\":{\"@id\":\"https:\\\/\\\/www.mcplast.it\\\/de\\\/produktion\\\/#breadcrumb\"},\"inLanguage\":\"de\",\"potentialAction\":[{\"@type\":\"ReadAction\",\"target\":[\"https:\\\/\\\/www.mcplast.it\\\/de\\\/produktion\\\/\"]}]},{\"@type\":\"BreadcrumbList\",\"@id\":\"https:\\\/\\\/www.mcplast.it\\\/de\\\/produktion\\\/#breadcrumb\",\"itemListElement\":[{\"@type\":\"ListItem\",\"position\":1,\"name\":\"Home\",\"item\":\"https:\\\/\\\/www.mcplast.it\\\/de\\\/\"},{\"@type\":\"ListItem\",\"position\":2,\"name\":\"Produktion\"}]},{\"@type\":\"WebSite\",\"@id\":\"https:\\\/\\\/www.mcplast.it\\\/de\\\/#website\",\"url\":\"https:\\\/\\\/www.mcplast.it\\\/de\\\/\",\"name\":\"MC Plast\",\"description\":\"Un nuovo sito targato WordPress\",\"potentialAction\":[{\"@type\":\"SearchAction\",\"target\":{\"@type\":\"EntryPoint\",\"urlTemplate\":\"https:\\\/\\\/www.mcplast.it\\\/de\\\/?s={search_term_string}\"},\"query-input\":{\"@type\":\"PropertyValueSpecification\",\"valueRequired\":true,\"valueName\":\"search_term_string\"}}],\"inLanguage\":\"de\"}]}<\/script>\n<!-- \/ Yoast SEO plugin. -->","yoast_head_json":{"title":"Produktion - MC Plast","robots":{"index":"index","follow":"follow","max-snippet":"max-snippet:-1","max-image-preview":"max-image-preview:large","max-video-preview":"max-video-preview:-1"},"canonical":"https:\/\/www.mcplast.it\/de\/produktion\/","og_locale":"de_DE","og_type":"article","og_title":"Produktion - MC Plast","og_url":"https:\/\/www.mcplast.it\/de\/produktion\/","og_site_name":"MC Plast","article_modified_time":"2021-06-07T14:57:06+00:00","twitter_card":"summary_large_image","twitter_misc":{"Gesch\u00e4tzte Lesezeit":"2\u00a0Minuten"},"schema":{"@context":"https:\/\/schema.org","@graph":[{"@type":"WebPage","@id":"https:\/\/www.mcplast.it\/de\/produktion\/","url":"https:\/\/www.mcplast.it\/de\/produktion\/","name":"Produktion - MC Plast","isPartOf":{"@id":"https:\/\/www.mcplast.it\/de\/#website"},"datePublished":"2016-10-13T14:21:02+00:00","dateModified":"2021-06-07T14:57:06+00:00","breadcrumb":{"@id":"https:\/\/www.mcplast.it\/de\/produktion\/#breadcrumb"},"inLanguage":"de","potentialAction":[{"@type":"ReadAction","target":["https:\/\/www.mcplast.it\/de\/produktion\/"]}]},{"@type":"BreadcrumbList","@id":"https:\/\/www.mcplast.it\/de\/produktion\/#breadcrumb","itemListElement":[{"@type":"ListItem","position":1,"name":"Home","item":"https:\/\/www.mcplast.it\/de\/"},{"@type":"ListItem","position":2,"name":"Produktion"}]},{"@type":"WebSite","@id":"https:\/\/www.mcplast.it\/de\/#website","url":"https:\/\/www.mcplast.it\/de\/","name":"MC Plast","description":"Un nuovo sito targato WordPress","potentialAction":[{"@type":"SearchAction","target":{"@type":"EntryPoint","urlTemplate":"https:\/\/www.mcplast.it\/de\/?s={search_term_string}"},"query-input":{"@type":"PropertyValueSpecification","valueRequired":true,"valueName":"search_term_string"}}],"inLanguage":"de"}]}},"_links":{"self":[{"href":"https:\/\/www.mcplast.it\/de\/wp-json\/wp\/v2\/pages\/1134","targetHints":{"allow":["GET"]}}],"collection":[{"href":"https:\/\/www.mcplast.it\/de\/wp-json\/wp\/v2\/pages"}],"about":[{"href":"https:\/\/www.mcplast.it\/de\/wp-json\/wp\/v2\/types\/page"}],"author":[{"embeddable":true,"href":"https:\/\/www.mcplast.it\/de\/wp-json\/wp\/v2\/users\/1"}],"replies":[{"embeddable":true,"href":"https:\/\/www.mcplast.it\/de\/wp-json\/wp\/v2\/comments?post=1134"}],"version-history":[{"count":5,"href":"https:\/\/www.mcplast.it\/de\/wp-json\/wp\/v2\/pages\/1134\/revisions"}],"predecessor-version":[{"id":1832,"href":"https:\/\/www.mcplast.it\/de\/wp-json\/wp\/v2\/pages\/1134\/revisions\/1832"}],"wp:attachment":[{"href":"https:\/\/www.mcplast.it\/de\/wp-json\/wp\/v2\/media?parent=1134"}],"curies":[{"name":"wp","href":"https:\/\/api.w.org\/{rel}","templated":true}]}}