{"id":1132,"date":"2016-10-13T16:20:11","date_gmt":"2016-10-13T14:20:11","guid":{"rendered":"http:\/\/www.mcplast.it\/de\/?page_id=1132"},"modified":"2021-06-07T16:57:06","modified_gmt":"2021-06-07T14:57:06","slug":"entwicklung","status":"publish","type":"page","link":"https:\/\/www.mcplast.it\/de\/entwicklung\/","title":{"rendered":"Entwicklung"},"content":{"rendered":"<div class=\"fusion-fullwidth fullwidth-box fusion-builder-row-1 nonhundred-percent-fullwidth non-hundred-percent-height-scrolling\" style=\"--awb-background-position:left top;--awb-border-radius-top-left:0px;--awb-border-radius-top-right:0px;--awb-border-radius-bottom-right:0px;--awb-border-radius-bottom-left:0px;--awb-padding-top:20px;--awb-padding-bottom:20px;--awb-border-sizes-top:0px;--awb-border-sizes-bottom:0px;--awb-flex-wrap:wrap;\" ><div class=\"fusion-builder-row fusion-row\"><div class=\"fusion-layout-column fusion_builder_column fusion-builder-column-0 fusion_builder_column_1_1 1_1 fusion-one-full fusion-column-first fusion-column-last\" style=\"--awb-bg-size:cover;\"><div class=\"fusion-column-wrapper fusion-flex-column-wrapper-legacy\"><div class=\"fusion-text fusion-text-1\"><p>Die <b>Entwicklung ist eine sehr wichtige Phase bei der Herstellung von Werkzeugen<\/b>,<\/p>\n<p>davon h\u00e4ngen direkt die zwei folgenden Phasen ab und noch viel wichtiger, <b>h\u00e4ngt davon die Funktionalit\u00e4t, die Zuverl\u00e4ssigkeit und die Produktivit\u00e4t<\/b>der Ausr\u00fcstung ab.<\/p>\n<p>Das technische B\u00fcro von M.C. PLAST bietet seinen Kunden eine drei\u00dfigj\u00e4hrige Erfahrung bei der Planung und Entwicklung seiner Ausr\u00fcstungen, die zusammen mit einer konstanten Forschung es erm\u00f6glichen, <b>beste L\u00f6sungen basierend auf den speziellen Anforderungen eines jeden Kunden zu garantieren.<\/b><\/p>\n<p>Die Verwendung der st\u00e4ndig aktualisierten Software, die von Planungstechnikern mit Erfahrung und Praxis bei der Herstellung von Ausr\u00fcstung, verwendet wird, stellt sicher, dass <b>jede Form f\u00fcr sich die besten Eigenschaften erreicht<\/b> : <b>in Bezug auf Materialart<\/b> verwendet f\u00fcr die Extrusion,<b> auf die Art des Extrusionsprofils<\/b> und letztlich, aber nicht weniger wichtig, <b>auf die Produktionsstandards, die vom Kunden angefordert werden<\/b><\/p>\n<\/div><div class=\"fusion-text fusion-text-2\">\n\t\t<style type=\"text\/css\">\n\t\t\t#gallery-1 {\n\t\t\t\tmargin: auto;\n\t\t\t}\n\t\t\t#gallery-1 .gallery-item {\n\t\t\t\tfloat: left;\n\t\t\t\tmargin-top: 10px;\n\t\t\t\ttext-align: center;\n\t\t\t\twidth: 25%;\n\t\t\t}\n\t\t\t#gallery-1 img {\n\t\t\t\tborder: 2px solid #cfcfcf;\n\t\t\t}\n\t\t\t#gallery-1 .gallery-caption {\n\t\t\t\tmargin-left: 0;\n\t\t\t}\n\t\t\t\/* see gallery_shortcode() in wp-includes\/media.php *\/\n\t\t<\/style>\n\t\t<div id='gallery-1' class='gallery galleryid-1132 gallery-columns-4 gallery-size-thumbnail'><dl class='gallery-item'>\n\t\t\t<dt class='gallery-icon landscape'>\n\t\t\t\t<a data-rel=\"iLightbox[postimages]\" data-title=\"Senza titolo-1 copia\" data-caption=\"\" href='https:\/\/www.mcplast.it\/wp-content\/uploads\/2016\/10\/Senza-titolo-1-copia.jpg'><img decoding=\"async\" width=\"150\" height=\"144\" src=\"https:\/\/www.mcplast.it\/wp-content\/uploads\/2016\/10\/Senza-titolo-1-copia-150x144.jpg\" class=\"attachment-thumbnail size-thumbnail\" alt=\"\" \/><\/a>\n\t\t\t<\/dt><\/dl><dl class='gallery-item'>\n\t\t\t<dt class='gallery-icon landscape'>\n\t\t\t\t<a data-rel=\"iLightbox[postimages]\" data-title=\"Senza titolo-2 copia\" data-caption=\"\" href='https:\/\/www.mcplast.it\/wp-content\/uploads\/2016\/10\/Senza-titolo-2-copia.jpg'><img decoding=\"async\" width=\"150\" height=\"144\" src=\"https:\/\/www.mcplast.it\/wp-content\/uploads\/2016\/10\/Senza-titolo-2-copia-150x144.jpg\" class=\"attachment-thumbnail size-thumbnail\" alt=\"\" \/><\/a>\n\t\t\t<\/dt><\/dl>\n\t\t\t<br style='clear: both' \/>\n\t\t<\/div>\n\n<\/div><div class=\"fusion-clearfix\"><\/div><\/div><\/div><\/div><\/div>\n","protected":false},"excerpt":{"rendered":"","protected":false},"author":1,"featured_media":0,"parent":0,"menu_order":5,"comment_status":"open","ping_status":"closed","template":"","meta":{"_monsterinsights_skip_tracking":false,"_monsterinsights_sitenote_active":false,"_monsterinsights_sitenote_note":"","_monsterinsights_sitenote_category":0,"footnotes":""},"class_list":["post-1132","page","type-page","status-publish","hentry"],"yoast_head":"<!-- This site is optimized with the Yoast SEO plugin v27.4 - https:\/\/yoast.com\/product\/yoast-seo-wordpress\/ -->\n<title>Entwicklung - MC Plast<\/title>\n<meta name=\"robots\" content=\"index, follow, max-snippet:-1, max-image-preview:large, max-video-preview:-1\" \/>\n<link rel=\"canonical\" href=\"https:\/\/www.mcplast.it\/de\/entwicklung\/\" \/>\n<meta property=\"og:locale\" content=\"de_DE\" \/>\n<meta property=\"og:type\" content=\"article\" \/>\n<meta property=\"og:title\" content=\"Entwicklung - MC Plast\" \/>\n<meta property=\"og:url\" content=\"https:\/\/www.mcplast.it\/de\/entwicklung\/\" \/>\n<meta property=\"og:site_name\" content=\"MC Plast\" \/>\n<meta property=\"article:modified_time\" content=\"2021-06-07T14:57:06+00:00\" \/>\n<meta name=\"twitter:card\" content=\"summary_large_image\" \/>\n<meta name=\"twitter:label1\" content=\"Gesch\u00e4tzte Lesezeit\" \/>\n\t<meta name=\"twitter:data1\" content=\"2\u00a0Minuten\" \/>\n<script type=\"application\/ld+json\" class=\"yoast-schema-graph\">{\"@context\":\"https:\\\/\\\/schema.org\",\"@graph\":[{\"@type\":\"WebPage\",\"@id\":\"https:\\\/\\\/www.mcplast.it\\\/de\\\/entwicklung\\\/\",\"url\":\"https:\\\/\\\/www.mcplast.it\\\/de\\\/entwicklung\\\/\",\"name\":\"Entwicklung - MC Plast\",\"isPartOf\":{\"@id\":\"https:\\\/\\\/www.mcplast.it\\\/de\\\/#website\"},\"datePublished\":\"2016-10-13T14:20:11+00:00\",\"dateModified\":\"2021-06-07T14:57:06+00:00\",\"breadcrumb\":{\"@id\":\"https:\\\/\\\/www.mcplast.it\\\/de\\\/entwicklung\\\/#breadcrumb\"},\"inLanguage\":\"de\",\"potentialAction\":[{\"@type\":\"ReadAction\",\"target\":[\"https:\\\/\\\/www.mcplast.it\\\/de\\\/entwicklung\\\/\"]}]},{\"@type\":\"BreadcrumbList\",\"@id\":\"https:\\\/\\\/www.mcplast.it\\\/de\\\/entwicklung\\\/#breadcrumb\",\"itemListElement\":[{\"@type\":\"ListItem\",\"position\":1,\"name\":\"Home\",\"item\":\"https:\\\/\\\/www.mcplast.it\\\/de\\\/\"},{\"@type\":\"ListItem\",\"position\":2,\"name\":\"Entwicklung\"}]},{\"@type\":\"WebSite\",\"@id\":\"https:\\\/\\\/www.mcplast.it\\\/de\\\/#website\",\"url\":\"https:\\\/\\\/www.mcplast.it\\\/de\\\/\",\"name\":\"MC Plast\",\"description\":\"Un nuovo sito targato WordPress\",\"potentialAction\":[{\"@type\":\"SearchAction\",\"target\":{\"@type\":\"EntryPoint\",\"urlTemplate\":\"https:\\\/\\\/www.mcplast.it\\\/de\\\/?s={search_term_string}\"},\"query-input\":{\"@type\":\"PropertyValueSpecification\",\"valueRequired\":true,\"valueName\":\"search_term_string\"}}],\"inLanguage\":\"de\"}]}<\/script>\n<!-- \/ Yoast SEO plugin. -->","yoast_head_json":{"title":"Entwicklung - MC Plast","robots":{"index":"index","follow":"follow","max-snippet":"max-snippet:-1","max-image-preview":"max-image-preview:large","max-video-preview":"max-video-preview:-1"},"canonical":"https:\/\/www.mcplast.it\/de\/entwicklung\/","og_locale":"de_DE","og_type":"article","og_title":"Entwicklung - MC Plast","og_url":"https:\/\/www.mcplast.it\/de\/entwicklung\/","og_site_name":"MC Plast","article_modified_time":"2021-06-07T14:57:06+00:00","twitter_card":"summary_large_image","twitter_misc":{"Gesch\u00e4tzte Lesezeit":"2\u00a0Minuten"},"schema":{"@context":"https:\/\/schema.org","@graph":[{"@type":"WebPage","@id":"https:\/\/www.mcplast.it\/de\/entwicklung\/","url":"https:\/\/www.mcplast.it\/de\/entwicklung\/","name":"Entwicklung - MC Plast","isPartOf":{"@id":"https:\/\/www.mcplast.it\/de\/#website"},"datePublished":"2016-10-13T14:20:11+00:00","dateModified":"2021-06-07T14:57:06+00:00","breadcrumb":{"@id":"https:\/\/www.mcplast.it\/de\/entwicklung\/#breadcrumb"},"inLanguage":"de","potentialAction":[{"@type":"ReadAction","target":["https:\/\/www.mcplast.it\/de\/entwicklung\/"]}]},{"@type":"BreadcrumbList","@id":"https:\/\/www.mcplast.it\/de\/entwicklung\/#breadcrumb","itemListElement":[{"@type":"ListItem","position":1,"name":"Home","item":"https:\/\/www.mcplast.it\/de\/"},{"@type":"ListItem","position":2,"name":"Entwicklung"}]},{"@type":"WebSite","@id":"https:\/\/www.mcplast.it\/de\/#website","url":"https:\/\/www.mcplast.it\/de\/","name":"MC Plast","description":"Un nuovo sito targato WordPress","potentialAction":[{"@type":"SearchAction","target":{"@type":"EntryPoint","urlTemplate":"https:\/\/www.mcplast.it\/de\/?s={search_term_string}"},"query-input":{"@type":"PropertyValueSpecification","valueRequired":true,"valueName":"search_term_string"}}],"inLanguage":"de"}]}},"_links":{"self":[{"href":"https:\/\/www.mcplast.it\/de\/wp-json\/wp\/v2\/pages\/1132","targetHints":{"allow":["GET"]}}],"collection":[{"href":"https:\/\/www.mcplast.it\/de\/wp-json\/wp\/v2\/pages"}],"about":[{"href":"https:\/\/www.mcplast.it\/de\/wp-json\/wp\/v2\/types\/page"}],"author":[{"embeddable":true,"href":"https:\/\/www.mcplast.it\/de\/wp-json\/wp\/v2\/users\/1"}],"replies":[{"embeddable":true,"href":"https:\/\/www.mcplast.it\/de\/wp-json\/wp\/v2\/comments?post=1132"}],"version-history":[{"count":5,"href":"https:\/\/www.mcplast.it\/de\/wp-json\/wp\/v2\/pages\/1132\/revisions"}],"predecessor-version":[{"id":1833,"href":"https:\/\/www.mcplast.it\/de\/wp-json\/wp\/v2\/pages\/1132\/revisions\/1833"}],"wp:attachment":[{"href":"https:\/\/www.mcplast.it\/de\/wp-json\/wp\/v2\/media?parent=1132"}],"curies":[{"name":"wp","href":"https:\/\/api.w.org\/{rel}","templated":true}]}}