{"id":1119,"date":"2016-10-13T16:07:18","date_gmt":"2016-10-13T14:07:18","guid":{"rendered":"http:\/\/www.mcplast.it\/de\/?page_id=1119"},"modified":"2021-06-07T16:57:10","modified_gmt":"2021-06-07T14:57:10","slug":"fast-tooling","status":"publish","type":"page","link":"https:\/\/www.mcplast.it\/de\/fast-tooling\/","title":{"rendered":"Fast tooling"},"content":{"rendered":"<div class=\"fusion-fullwidth fullwidth-box fusion-builder-row-1 nonhundred-percent-fullwidth non-hundred-percent-height-scrolling\" style=\"--awb-background-position:left top;--awb-border-radius-top-left:0px;--awb-border-radius-top-right:0px;--awb-border-radius-bottom-right:0px;--awb-border-radius-bottom-left:0px;--awb-padding-top:20px;--awb-padding-bottom:20px;--awb-border-sizes-top:0px;--awb-border-sizes-bottom:0px;--awb-flex-wrap:wrap;\" ><div class=\"fusion-builder-row fusion-row\"><div class=\"fusion-layout-column fusion_builder_column fusion-builder-column-0 fusion_builder_column_1_1 1_1 fusion-one-full fusion-column-first fusion-column-last\" style=\"--awb-bg-size:cover;\"><div class=\"fusion-column-wrapper fusion-flex-column-wrapper-legacy\"><div class=\"fusion-text fusion-text-1\"><p><b>Das FAST TOOLING System nutzt die Technologie f\u00fcr die Extrusion von Fensterprofilen bei hoher Geschwindigkeit.<\/b><\/p>\n<p>MC Plast verf\u00fcgt dank der wachsenden Erfahrung in der Entwicklung und Herstellung von Profilen f\u00fcr Fenster und T\u00fcren aus PVC, \u00fcber einen gro\u00dfen Erfahrungsschatz im Bereich der Kalibrierung von Profilen in Wasser, durch die Verwendung von <b>Vakuum-Kalibrierungsbecken und Kalibrierungsplatten.<\/b><\/p>\n<p>Und dank der <b>genialen Idee, das Prinzip der Kalibrierung in Wasser f\u00fcr die Herstellung von Ausr\u00fcstungen f\u00fcr die Extrusion von technischen Profilen anzuwenden<\/b>, entstand die Baureihe FAST TOOLING.<\/p>\n<p>Das angewandte System, <b>die Wannen als tats\u00e4chliche Kalibratoren<\/b>, und das Einsetzen der <b>Kalibrierungsmembran<\/b>, welche das Profil w\u00e4hrend seiner Abk\u00fchlung in Linie h\u00e4lt.<\/p>\n<p>Zus\u00e4tzlich ist das Innere des Tanks so aufgebaut, dass ein erzwungenes Zirkulationssystem des Wasserflusses in der Wanne erhalten wird. Dieser Kreislauf verhindert die Bildung von Hei\u00dfwasser-R\u00fcckstrom und stellt eine korrekte und homogene K\u00fchlung des extrudierten Profils sicher.<\/p>\n<p>Unter Verwendung der Ausr\u00fcstungen, die nach diesem Prinzip konstruiert sind und somit das Profil f\u00fcr eine l\u00e4ngere Zeit kalibriert werden kann im Vergleich zu herk\u00f6mmlichen Systemen, werden perfekte Ergebnisse in Bezug auf Abmessungen und Aussehen sowie eine hohe Produktionskapazit\u00e4t garantiert.<\/p>\n<p>All das bei geringen Kosten dank der geringen Anzahl von verwendeten Trocken-Kalibrierungssystemen.<\/p>\n<\/div><div class=\"fusion-text fusion-text-2\">\n\t\t<style type=\"text\/css\">\n\t\t\t#gallery-1 {\n\t\t\t\tmargin: auto;\n\t\t\t}\n\t\t\t#gallery-1 .gallery-item {\n\t\t\t\tfloat: left;\n\t\t\t\tmargin-top: 10px;\n\t\t\t\ttext-align: center;\n\t\t\t\twidth: 25%;\n\t\t\t}\n\t\t\t#gallery-1 img {\n\t\t\t\tborder: 2px solid #cfcfcf;\n\t\t\t}\n\t\t\t#gallery-1 .gallery-caption {\n\t\t\t\tmargin-left: 0;\n\t\t\t}\n\t\t\t\/* see gallery_shortcode() in wp-includes\/media.php *\/\n\t\t<\/style>\n\t\t<div id='gallery-1' class='gallery galleryid-1119 gallery-columns-4 gallery-size-thumbnail'><dl class='gallery-item'>\n\t\t\t<dt class='gallery-icon landscape'>\n\t\t\t\t<a data-rel=\"iLightbox[postimages]\" data-title=\"20140417_152514\" data-caption=\"\" href='https:\/\/www.mcplast.it\/wp-content\/uploads\/2016\/10\/20140417_152514.jpg'><img decoding=\"async\" width=\"150\" height=\"150\" src=\"https:\/\/www.mcplast.it\/wp-content\/uploads\/2016\/10\/20140417_152514-150x150.jpg\" class=\"attachment-thumbnail size-thumbnail\" alt=\"\" srcset=\"https:\/\/www.mcplast.it\/wp-content\/uploads\/2016\/10\/20140417_152514-66x66.jpg 66w, https:\/\/www.mcplast.it\/wp-content\/uploads\/2016\/10\/20140417_152514-150x150.jpg 150w\" sizes=\"(max-width: 150px) 100vw, 150px\" \/><\/a>\n\t\t\t<\/dt><\/dl><dl class='gallery-item'>\n\t\t\t<dt class='gallery-icon landscape'>\n\t\t\t\t<a data-rel=\"iLightbox[postimages]\" data-title=\"20140418_110424\" data-caption=\"\" href='https:\/\/www.mcplast.it\/wp-content\/uploads\/2016\/10\/20140418_110424-1.jpg'><img decoding=\"async\" width=\"150\" height=\"150\" src=\"https:\/\/www.mcplast.it\/wp-content\/uploads\/2016\/10\/20140418_110424-1-150x150.jpg\" class=\"attachment-thumbnail size-thumbnail\" alt=\"\" srcset=\"https:\/\/www.mcplast.it\/wp-content\/uploads\/2016\/10\/20140418_110424-1-66x66.jpg 66w, https:\/\/www.mcplast.it\/wp-content\/uploads\/2016\/10\/20140418_110424-1-150x150.jpg 150w\" sizes=\"(max-width: 150px) 100vw, 150px\" \/><\/a>\n\t\t\t<\/dt><\/dl><dl class='gallery-item'>\n\t\t\t<dt class='gallery-icon landscape'>\n\t\t\t\t<a data-rel=\"iLightbox[postimages]\" data-title=\"20150615_172008\" data-caption=\"\" href='https:\/\/www.mcplast.it\/wp-content\/uploads\/2016\/10\/20150615_172008.jpg'><img decoding=\"async\" width=\"150\" height=\"150\" src=\"https:\/\/www.mcplast.it\/wp-content\/uploads\/2016\/10\/20150615_172008-150x150.jpg\" class=\"attachment-thumbnail size-thumbnail\" alt=\"\" srcset=\"https:\/\/www.mcplast.it\/wp-content\/uploads\/2016\/10\/20150615_172008-66x66.jpg 66w, https:\/\/www.mcplast.it\/wp-content\/uploads\/2016\/10\/20150615_172008-150x150.jpg 150w\" sizes=\"(max-width: 150px) 100vw, 150px\" \/><\/a>\n\t\t\t<\/dt><\/dl><dl class='gallery-item'>\n\t\t\t<dt class='gallery-icon landscape'>\n\t\t\t\t<a data-rel=\"iLightbox[postimages]\" data-title=\"210320131231\" data-caption=\"\" href='https:\/\/www.mcplast.it\/wp-content\/uploads\/2016\/10\/210320131231.jpg'><img decoding=\"async\" width=\"150\" height=\"150\" src=\"https:\/\/www.mcplast.it\/wp-content\/uploads\/2016\/10\/210320131231-150x150.jpg\" class=\"attachment-thumbnail size-thumbnail\" alt=\"\" srcset=\"https:\/\/www.mcplast.it\/wp-content\/uploads\/2016\/10\/210320131231-66x66.jpg 66w, https:\/\/www.mcplast.it\/wp-content\/uploads\/2016\/10\/210320131231-150x150.jpg 150w\" sizes=\"(max-width: 150px) 100vw, 150px\" \/><\/a>\n\t\t\t<\/dt><\/dl><br style=\"clear: both\" \/>\n\t\t<\/div>\n\n<\/div><div class=\"fusion-clearfix\"><\/div><\/div><\/div><\/div><\/div>\n","protected":false},"excerpt":{"rendered":"","protected":false},"author":1,"featured_media":0,"parent":0,"menu_order":4,"comment_status":"open","ping_status":"closed","template":"","meta":{"_monsterinsights_skip_tracking":false,"_monsterinsights_sitenote_active":false,"_monsterinsights_sitenote_note":"","_monsterinsights_sitenote_category":0,"footnotes":""},"class_list":["post-1119","page","type-page","status-publish","hentry"],"yoast_head":"<!-- This site is optimized with the Yoast SEO plugin v27.4 - https:\/\/yoast.com\/product\/yoast-seo-wordpress\/ -->\n<title>Fast tooling - MC Plast<\/title>\n<meta name=\"robots\" content=\"index, follow, max-snippet:-1, max-image-preview:large, max-video-preview:-1\" \/>\n<link rel=\"canonical\" href=\"https:\/\/www.mcplast.it\/de\/fast-tooling\/\" \/>\n<meta property=\"og:locale\" content=\"de_DE\" \/>\n<meta property=\"og:type\" content=\"article\" \/>\n<meta property=\"og:title\" content=\"Fast tooling - MC Plast\" \/>\n<meta property=\"og:url\" content=\"https:\/\/www.mcplast.it\/de\/fast-tooling\/\" \/>\n<meta property=\"og:site_name\" content=\"MC Plast\" \/>\n<meta property=\"article:modified_time\" content=\"2021-06-07T14:57:10+00:00\" \/>\n<meta name=\"twitter:card\" content=\"summary_large_image\" \/>\n<meta name=\"twitter:label1\" content=\"Gesch\u00e4tzte Lesezeit\" \/>\n\t<meta name=\"twitter:data1\" content=\"2\u00a0Minuten\" \/>\n<script type=\"application\/ld+json\" class=\"yoast-schema-graph\">{\"@context\":\"https:\\\/\\\/schema.org\",\"@graph\":[{\"@type\":\"WebPage\",\"@id\":\"https:\\\/\\\/www.mcplast.it\\\/de\\\/fast-tooling\\\/\",\"url\":\"https:\\\/\\\/www.mcplast.it\\\/de\\\/fast-tooling\\\/\",\"name\":\"Fast tooling - MC Plast\",\"isPartOf\":{\"@id\":\"https:\\\/\\\/www.mcplast.it\\\/de\\\/#website\"},\"datePublished\":\"2016-10-13T14:07:18+00:00\",\"dateModified\":\"2021-06-07T14:57:10+00:00\",\"breadcrumb\":{\"@id\":\"https:\\\/\\\/www.mcplast.it\\\/de\\\/fast-tooling\\\/#breadcrumb\"},\"inLanguage\":\"de\",\"potentialAction\":[{\"@type\":\"ReadAction\",\"target\":[\"https:\\\/\\\/www.mcplast.it\\\/de\\\/fast-tooling\\\/\"]}]},{\"@type\":\"BreadcrumbList\",\"@id\":\"https:\\\/\\\/www.mcplast.it\\\/de\\\/fast-tooling\\\/#breadcrumb\",\"itemListElement\":[{\"@type\":\"ListItem\",\"position\":1,\"name\":\"Home\",\"item\":\"https:\\\/\\\/www.mcplast.it\\\/de\\\/\"},{\"@type\":\"ListItem\",\"position\":2,\"name\":\"Fast tooling\"}]},{\"@type\":\"WebSite\",\"@id\":\"https:\\\/\\\/www.mcplast.it\\\/de\\\/#website\",\"url\":\"https:\\\/\\\/www.mcplast.it\\\/de\\\/\",\"name\":\"MC Plast\",\"description\":\"Un nuovo sito targato WordPress\",\"potentialAction\":[{\"@type\":\"SearchAction\",\"target\":{\"@type\":\"EntryPoint\",\"urlTemplate\":\"https:\\\/\\\/www.mcplast.it\\\/de\\\/?s={search_term_string}\"},\"query-input\":{\"@type\":\"PropertyValueSpecification\",\"valueRequired\":true,\"valueName\":\"search_term_string\"}}],\"inLanguage\":\"de\"}]}<\/script>\n<!-- \/ Yoast SEO plugin. -->","yoast_head_json":{"title":"Fast tooling - MC Plast","robots":{"index":"index","follow":"follow","max-snippet":"max-snippet:-1","max-image-preview":"max-image-preview:large","max-video-preview":"max-video-preview:-1"},"canonical":"https:\/\/www.mcplast.it\/de\/fast-tooling\/","og_locale":"de_DE","og_type":"article","og_title":"Fast tooling - MC Plast","og_url":"https:\/\/www.mcplast.it\/de\/fast-tooling\/","og_site_name":"MC Plast","article_modified_time":"2021-06-07T14:57:10+00:00","twitter_card":"summary_large_image","twitter_misc":{"Gesch\u00e4tzte Lesezeit":"2\u00a0Minuten"},"schema":{"@context":"https:\/\/schema.org","@graph":[{"@type":"WebPage","@id":"https:\/\/www.mcplast.it\/de\/fast-tooling\/","url":"https:\/\/www.mcplast.it\/de\/fast-tooling\/","name":"Fast tooling - MC Plast","isPartOf":{"@id":"https:\/\/www.mcplast.it\/de\/#website"},"datePublished":"2016-10-13T14:07:18+00:00","dateModified":"2021-06-07T14:57:10+00:00","breadcrumb":{"@id":"https:\/\/www.mcplast.it\/de\/fast-tooling\/#breadcrumb"},"inLanguage":"de","potentialAction":[{"@type":"ReadAction","target":["https:\/\/www.mcplast.it\/de\/fast-tooling\/"]}]},{"@type":"BreadcrumbList","@id":"https:\/\/www.mcplast.it\/de\/fast-tooling\/#breadcrumb","itemListElement":[{"@type":"ListItem","position":1,"name":"Home","item":"https:\/\/www.mcplast.it\/de\/"},{"@type":"ListItem","position":2,"name":"Fast tooling"}]},{"@type":"WebSite","@id":"https:\/\/www.mcplast.it\/de\/#website","url":"https:\/\/www.mcplast.it\/de\/","name":"MC Plast","description":"Un nuovo sito targato WordPress","potentialAction":[{"@type":"SearchAction","target":{"@type":"EntryPoint","urlTemplate":"https:\/\/www.mcplast.it\/de\/?s={search_term_string}"},"query-input":{"@type":"PropertyValueSpecification","valueRequired":true,"valueName":"search_term_string"}}],"inLanguage":"de"}]}},"_links":{"self":[{"href":"https:\/\/www.mcplast.it\/de\/wp-json\/wp\/v2\/pages\/1119","targetHints":{"allow":["GET"]}}],"collection":[{"href":"https:\/\/www.mcplast.it\/de\/wp-json\/wp\/v2\/pages"}],"about":[{"href":"https:\/\/www.mcplast.it\/de\/wp-json\/wp\/v2\/types\/page"}],"author":[{"embeddable":true,"href":"https:\/\/www.mcplast.it\/de\/wp-json\/wp\/v2\/users\/1"}],"replies":[{"embeddable":true,"href":"https:\/\/www.mcplast.it\/de\/wp-json\/wp\/v2\/comments?post=1119"}],"version-history":[{"count":5,"href":"https:\/\/www.mcplast.it\/de\/wp-json\/wp\/v2\/pages\/1119\/revisions"}],"predecessor-version":[{"id":1845,"href":"https:\/\/www.mcplast.it\/de\/wp-json\/wp\/v2\/pages\/1119\/revisions\/1845"}],"wp:attachment":[{"href":"https:\/\/www.mcplast.it\/de\/wp-json\/wp\/v2\/media?parent=1119"}],"curies":[{"name":"wp","href":"https:\/\/api.w.org\/{rel}","templated":true}]}}