{"id":1114,"date":"2016-10-13T16:05:38","date_gmt":"2016-10-13T14:05:38","guid":{"rendered":"http:\/\/www.mcplast.it\/de\/?page_id=1114"},"modified":"2021-06-07T16:57:10","modified_gmt":"2021-06-07T14:57:10","slug":"smart-tooling","status":"publish","type":"page","link":"https:\/\/www.mcplast.it\/de\/smart-tooling\/","title":{"rendered":"Smart Tooling"},"content":{"rendered":"<div class=\"fusion-fullwidth fullwidth-box fusion-builder-row-1 nonhundred-percent-fullwidth non-hundred-percent-height-scrolling\" style=\"--awb-background-position:left top;--awb-border-radius-top-left:0px;--awb-border-radius-top-right:0px;--awb-border-radius-bottom-right:0px;--awb-border-radius-bottom-left:0px;--awb-padding-top:20px;--awb-padding-bottom:20px;--awb-border-sizes-top:0px;--awb-border-sizes-bottom:0px;--awb-flex-wrap:wrap;\" ><div class=\"fusion-builder-row fusion-row\"><div class=\"fusion-layout-column fusion_builder_column fusion-builder-column-0 fusion_builder_column_1_1 1_1 fusion-one-full fusion-column-first fusion-column-last\" style=\"--awb-bg-size:cover;\"><div class=\"fusion-column-wrapper fusion-flex-column-wrapper-legacy\"><div class=\"fusion-text fusion-text-1\"><p><b>Das SMART TOOLING System entstand, um dem wachsenden Bedarf an Flexibilit\u00e4t durch Firmen kontinuierlich gerecht zu werden.<\/b><\/p>\n<p>Die Ausr\u00fcstung besteht aus <b>Standard<\/b>elementen, wie beispielsweise dem festen Kopf und dem K\u00fchltank, die bequem auf der Extrusionslinie gelassen werden k\u00f6nnen und <b>ma\u00dfgeschneiderte<\/b> Elemente, wie beispielsweise die Medaille-Spinnd\u00fcsen oder das Trocken-Kalibrierungssystem, kundenspezifisch f\u00fcr jedes Profil, aber mit Standard-Au\u00dfenabmessungen, die in ihrer Verwendung komplett <b>austauschbar<\/b> sind.<\/p>\n<p>Diese Baureihe von Ausr\u00fcstungen, dank ihrer Besonderheiten, erm\u00f6glicht:<\/p>\n<p>&#8211; Die <b>Produktion von kleinen Profilserien<\/b> und dadurch eine Reduzierung von Abf\u00e4llen auf ein Minimum.<\/p>\n<p>&#8211; <b>Einfache Verwendung<\/b> durch standardisierte K\u00fchlsysteme und Ansaugsysteme.<\/p>\n<p>&#8211; <b>Prozessstabilit\u00e4t<\/b> und perfekte Ergebnisse sowohl in Bezug auf Abmessungen als auch auf Aussehen der extrudierten Profile.<\/p>\n<p>&#8211; <b>Sehr schnell<\/b> und einfach <b>beim Wechsel der Produktion in der Linie<\/b>.<\/p>\n<p>&#8211; <b>Au\u00dferordentlich g\u00fcnstige Preise<\/b> durch die zahlreichen verwendeten Standardteile.<\/p>\n<\/div><div class=\"fusion-text fusion-text-2\">\n\t\t<style type=\"text\/css\">\n\t\t\t#gallery-1 {\n\t\t\t\tmargin: auto;\n\t\t\t}\n\t\t\t#gallery-1 .gallery-item {\n\t\t\t\tfloat: left;\n\t\t\t\tmargin-top: 10px;\n\t\t\t\ttext-align: center;\n\t\t\t\twidth: 25%;\n\t\t\t}\n\t\t\t#gallery-1 img {\n\t\t\t\tborder: 2px solid #cfcfcf;\n\t\t\t}\n\t\t\t#gallery-1 .gallery-caption {\n\t\t\t\tmargin-left: 0;\n\t\t\t}\n\t\t\t\/* see gallery_shortcode() in wp-includes\/media.php *\/\n\t\t<\/style>\n\t\t<div id='gallery-1' class='gallery galleryid-1114 gallery-columns-4 gallery-size-thumbnail'><dl class='gallery-item'>\n\t\t\t<dt class='gallery-icon landscape'>\n\t\t\t\t<a data-rel=\"iLightbox[postimages]\" data-title=\"20130620_153641\" data-caption=\"\" href='https:\/\/www.mcplast.it\/wp-content\/uploads\/2015\/04\/20130620_153641.jpg'><img decoding=\"async\" width=\"150\" height=\"150\" src=\"https:\/\/www.mcplast.it\/wp-content\/uploads\/2015\/04\/20130620_153641-150x150.jpg\" class=\"attachment-thumbnail size-thumbnail\" alt=\"\" srcset=\"https:\/\/www.mcplast.it\/wp-content\/uploads\/2015\/04\/20130620_153641-66x66.jpg 66w, https:\/\/www.mcplast.it\/wp-content\/uploads\/2015\/04\/20130620_153641-150x150.jpg 150w\" sizes=\"(max-width: 150px) 100vw, 150px\" \/><\/a>\n\t\t\t<\/dt><\/dl><dl class='gallery-item'>\n\t\t\t<dt class='gallery-icon landscape'>\n\t\t\t\t<a data-rel=\"iLightbox[postimages]\" data-title=\"20140305_121503\" data-caption=\"\" href='https:\/\/www.mcplast.it\/wp-content\/uploads\/2015\/04\/20140305_121503.jpg'><img decoding=\"async\" width=\"150\" height=\"150\" src=\"https:\/\/www.mcplast.it\/wp-content\/uploads\/2015\/04\/20140305_121503-150x150.jpg\" class=\"attachment-thumbnail size-thumbnail\" alt=\"\" srcset=\"https:\/\/www.mcplast.it\/wp-content\/uploads\/2015\/04\/20140305_121503-66x66.jpg 66w, https:\/\/www.mcplast.it\/wp-content\/uploads\/2015\/04\/20140305_121503-150x150.jpg 150w\" sizes=\"(max-width: 150px) 100vw, 150px\" \/><\/a>\n\t\t\t<\/dt><\/dl><dl class='gallery-item'>\n\t\t\t<dt class='gallery-icon landscape'>\n\t\t\t\t<a data-rel=\"iLightbox[postimages]\" data-title=\"20141002_091422\" data-caption=\"\" href='https:\/\/www.mcplast.it\/wp-content\/uploads\/2015\/04\/20141002_091422.jpg'><img decoding=\"async\" width=\"150\" height=\"150\" src=\"https:\/\/www.mcplast.it\/wp-content\/uploads\/2015\/04\/20141002_091422-150x150.jpg\" class=\"attachment-thumbnail size-thumbnail\" alt=\"\" srcset=\"https:\/\/www.mcplast.it\/wp-content\/uploads\/2015\/04\/20141002_091422-66x66.jpg 66w, https:\/\/www.mcplast.it\/wp-content\/uploads\/2015\/04\/20141002_091422-150x150.jpg 150w\" sizes=\"(max-width: 150px) 100vw, 150px\" \/><\/a>\n\t\t\t<\/dt><\/dl><dl class='gallery-item'>\n\t\t\t<dt class='gallery-icon landscape'>\n\t\t\t\t<a data-rel=\"iLightbox[postimages]\" data-title=\"20141002_091459(0)\" data-caption=\"\" href='https:\/\/www.mcplast.it\/wp-content\/uploads\/2015\/04\/20141002_0914590.jpg'><img decoding=\"async\" width=\"150\" height=\"150\" src=\"https:\/\/www.mcplast.it\/wp-content\/uploads\/2015\/04\/20141002_0914590-150x150.jpg\" class=\"attachment-thumbnail size-thumbnail\" alt=\"\" srcset=\"https:\/\/www.mcplast.it\/wp-content\/uploads\/2015\/04\/20141002_0914590-66x66.jpg 66w, https:\/\/www.mcplast.it\/wp-content\/uploads\/2015\/04\/20141002_0914590-150x150.jpg 150w\" sizes=\"(max-width: 150px) 100vw, 150px\" \/><\/a>\n\t\t\t<\/dt><\/dl><br style=\"clear: both\" \/>\n\t\t<\/div>\n\n<\/div><div class=\"fusion-clearfix\"><\/div><\/div><\/div><\/div><\/div>\n","protected":false},"excerpt":{"rendered":"","protected":false},"author":1,"featured_media":0,"parent":0,"menu_order":4,"comment_status":"open","ping_status":"closed","template":"","meta":{"_monsterinsights_skip_tracking":false,"_monsterinsights_sitenote_active":false,"_monsterinsights_sitenote_note":"","_monsterinsights_sitenote_category":0,"footnotes":""},"class_list":["post-1114","page","type-page","status-publish","hentry"],"yoast_head":"<!-- This site is optimized with the Yoast SEO plugin v27.5 - https:\/\/yoast.com\/product\/yoast-seo-wordpress\/ -->\n<title>Smart Tooling - MC Plast<\/title>\n<meta name=\"robots\" content=\"index, follow, max-snippet:-1, max-image-preview:large, max-video-preview:-1\" \/>\n<link rel=\"canonical\" href=\"https:\/\/www.mcplast.it\/de\/smart-tooling\/\" \/>\n<meta property=\"og:locale\" content=\"de_DE\" \/>\n<meta property=\"og:type\" content=\"article\" \/>\n<meta property=\"og:title\" content=\"Smart Tooling - MC Plast\" \/>\n<meta property=\"og:url\" content=\"https:\/\/www.mcplast.it\/de\/smart-tooling\/\" \/>\n<meta property=\"og:site_name\" content=\"MC Plast\" \/>\n<meta property=\"article:modified_time\" content=\"2021-06-07T14:57:10+00:00\" \/>\n<meta name=\"twitter:card\" content=\"summary_large_image\" \/>\n<meta name=\"twitter:label1\" content=\"Gesch\u00e4tzte Lesezeit\" \/>\n\t<meta name=\"twitter:data1\" content=\"2\u00a0Minuten\" \/>\n<script type=\"application\/ld+json\" class=\"yoast-schema-graph\">{\"@context\":\"https:\\\/\\\/schema.org\",\"@graph\":[{\"@type\":\"WebPage\",\"@id\":\"https:\\\/\\\/www.mcplast.it\\\/de\\\/smart-tooling\\\/\",\"url\":\"https:\\\/\\\/www.mcplast.it\\\/de\\\/smart-tooling\\\/\",\"name\":\"Smart Tooling - MC Plast\",\"isPartOf\":{\"@id\":\"https:\\\/\\\/www.mcplast.it\\\/de\\\/#website\"},\"datePublished\":\"2016-10-13T14:05:38+00:00\",\"dateModified\":\"2021-06-07T14:57:10+00:00\",\"breadcrumb\":{\"@id\":\"https:\\\/\\\/www.mcplast.it\\\/de\\\/smart-tooling\\\/#breadcrumb\"},\"inLanguage\":\"de\",\"potentialAction\":[{\"@type\":\"ReadAction\",\"target\":[\"https:\\\/\\\/www.mcplast.it\\\/de\\\/smart-tooling\\\/\"]}]},{\"@type\":\"BreadcrumbList\",\"@id\":\"https:\\\/\\\/www.mcplast.it\\\/de\\\/smart-tooling\\\/#breadcrumb\",\"itemListElement\":[{\"@type\":\"ListItem\",\"position\":1,\"name\":\"Home\",\"item\":\"https:\\\/\\\/www.mcplast.it\\\/de\\\/\"},{\"@type\":\"ListItem\",\"position\":2,\"name\":\"Smart Tooling\"}]},{\"@type\":\"WebSite\",\"@id\":\"https:\\\/\\\/www.mcplast.it\\\/de\\\/#website\",\"url\":\"https:\\\/\\\/www.mcplast.it\\\/de\\\/\",\"name\":\"MC Plast\",\"description\":\"Un nuovo sito targato WordPress\",\"potentialAction\":[{\"@type\":\"SearchAction\",\"target\":{\"@type\":\"EntryPoint\",\"urlTemplate\":\"https:\\\/\\\/www.mcplast.it\\\/de\\\/?s={search_term_string}\"},\"query-input\":{\"@type\":\"PropertyValueSpecification\",\"valueRequired\":true,\"valueName\":\"search_term_string\"}}],\"inLanguage\":\"de\"}]}<\/script>\n<!-- \/ Yoast SEO plugin. -->","yoast_head_json":{"title":"Smart Tooling - MC Plast","robots":{"index":"index","follow":"follow","max-snippet":"max-snippet:-1","max-image-preview":"max-image-preview:large","max-video-preview":"max-video-preview:-1"},"canonical":"https:\/\/www.mcplast.it\/de\/smart-tooling\/","og_locale":"de_DE","og_type":"article","og_title":"Smart Tooling - MC Plast","og_url":"https:\/\/www.mcplast.it\/de\/smart-tooling\/","og_site_name":"MC Plast","article_modified_time":"2021-06-07T14:57:10+00:00","twitter_card":"summary_large_image","twitter_misc":{"Gesch\u00e4tzte Lesezeit":"2\u00a0Minuten"},"schema":{"@context":"https:\/\/schema.org","@graph":[{"@type":"WebPage","@id":"https:\/\/www.mcplast.it\/de\/smart-tooling\/","url":"https:\/\/www.mcplast.it\/de\/smart-tooling\/","name":"Smart Tooling - MC Plast","isPartOf":{"@id":"https:\/\/www.mcplast.it\/de\/#website"},"datePublished":"2016-10-13T14:05:38+00:00","dateModified":"2021-06-07T14:57:10+00:00","breadcrumb":{"@id":"https:\/\/www.mcplast.it\/de\/smart-tooling\/#breadcrumb"},"inLanguage":"de","potentialAction":[{"@type":"ReadAction","target":["https:\/\/www.mcplast.it\/de\/smart-tooling\/"]}]},{"@type":"BreadcrumbList","@id":"https:\/\/www.mcplast.it\/de\/smart-tooling\/#breadcrumb","itemListElement":[{"@type":"ListItem","position":1,"name":"Home","item":"https:\/\/www.mcplast.it\/de\/"},{"@type":"ListItem","position":2,"name":"Smart Tooling"}]},{"@type":"WebSite","@id":"https:\/\/www.mcplast.it\/de\/#website","url":"https:\/\/www.mcplast.it\/de\/","name":"MC Plast","description":"Un nuovo sito targato WordPress","potentialAction":[{"@type":"SearchAction","target":{"@type":"EntryPoint","urlTemplate":"https:\/\/www.mcplast.it\/de\/?s={search_term_string}"},"query-input":{"@type":"PropertyValueSpecification","valueRequired":true,"valueName":"search_term_string"}}],"inLanguage":"de"}]}},"_links":{"self":[{"href":"https:\/\/www.mcplast.it\/de\/wp-json\/wp\/v2\/pages\/1114","targetHints":{"allow":["GET"]}}],"collection":[{"href":"https:\/\/www.mcplast.it\/de\/wp-json\/wp\/v2\/pages"}],"about":[{"href":"https:\/\/www.mcplast.it\/de\/wp-json\/wp\/v2\/types\/page"}],"author":[{"embeddable":true,"href":"https:\/\/www.mcplast.it\/de\/wp-json\/wp\/v2\/users\/1"}],"replies":[{"embeddable":true,"href":"https:\/\/www.mcplast.it\/de\/wp-json\/wp\/v2\/comments?post=1114"}],"version-history":[{"count":4,"href":"https:\/\/www.mcplast.it\/de\/wp-json\/wp\/v2\/pages\/1114\/revisions"}],"predecessor-version":[{"id":1847,"href":"https:\/\/www.mcplast.it\/de\/wp-json\/wp\/v2\/pages\/1114\/revisions\/1847"}],"wp:attachment":[{"href":"https:\/\/www.mcplast.it\/de\/wp-json\/wp\/v2\/media?parent=1114"}],"curies":[{"name":"wp","href":"https:\/\/api.w.org\/{rel}","templated":true}]}}