{"id":1110,"date":"2016-10-13T16:03:35","date_gmt":"2016-10-13T14:03:35","guid":{"rendered":"http:\/\/www.mcplast.it\/de\/?page_id=1110"},"modified":"2021-06-07T16:57:11","modified_gmt":"2021-06-07T14:57:11","slug":"unternehmen","status":"publish","type":"page","link":"https:\/\/www.mcplast.it\/de\/unternehmen\/","title":{"rendered":"Unternehmen"},"content":{"rendered":"<div class=\"fusion-fullwidth fullwidth-box fusion-builder-row-1 nonhundred-percent-fullwidth non-hundred-percent-height-scrolling\" style=\"--awb-background-position:left top;--awb-border-radius-top-left:0px;--awb-border-radius-top-right:0px;--awb-border-radius-bottom-right:0px;--awb-border-radius-bottom-left:0px;--awb-padding-top:20px;--awb-padding-bottom:20px;--awb-border-sizes-top:0px;--awb-border-sizes-bottom:0px;--awb-flex-wrap:wrap;\" ><div class=\"fusion-builder-row fusion-row\"><div class=\"fusion-layout-column fusion_builder_column fusion-builder-column-0 fusion_builder_column_1_1 1_1 fusion-one-full fusion-column-first fusion-column-last\" style=\"--awb-bg-size:cover;\"><div class=\"fusion-column-wrapper fusion-flex-column-wrapper-legacy\"><div class=\"fusion-text fusion-text-1\"><p>M.C. PLAST entstand vor mehr als 30 Jahren, im Jahre 1981, aus einer Gesch\u00e4ftsidee des aktuellen General Managers, Luciano Melchiori.<\/p>\n<p>Seit seiner Gr\u00fcndung, spezialisiert es sich auf die Herstellung von Ger\u00e4ten f\u00fcr die Extrusion von Kunststoffen und Thermoplastikmaterialien.<\/p>\n<p>Im Laufe seiner Geschichte verteilte sich das Unternehmen auf drei verschiedenen Sitze, von denen Letzterer, gekauft von der Firma Fagnano Olona im Jahr 2004, eine \u00fcberdachte Fl\u00e4che von \u00fcber 1.500 m2 und eine Gesamtfl\u00e4che von fast 3.000 m2 umfasst.<\/p>\n<p>MC Plast geh\u00f6rt zu den f\u00fchrenden Firmen in Europa in der Branche, und erhielt im Jahr 2000 das <b>Qualit\u00e4tszertifikat<\/b> ISO 9001:2000 gefolgt von <b>ISO 9001:2008<\/b>, als Nachweis, dass alle betrieblichen Arbeiten, von der Entwicklung bis zum Kundendienst st\u00e4ndig \u00fcberwacht werden, um stets h\u00f6chste Qualit\u00e4t und eine F\u00fchrungsposition in der Branche zu garantieren.<\/p>\n<\/div><div class=\"fusion-text fusion-text-2\">\n\t\t<style type=\"text\/css\">\n\t\t\t#gallery-1 {\n\t\t\t\tmargin: auto;\n\t\t\t}\n\t\t\t#gallery-1 .gallery-item {\n\t\t\t\tfloat: left;\n\t\t\t\tmargin-top: 10px;\n\t\t\t\ttext-align: center;\n\t\t\t\twidth: 25%;\n\t\t\t}\n\t\t\t#gallery-1 img {\n\t\t\t\tborder: 2px solid #cfcfcf;\n\t\t\t}\n\t\t\t#gallery-1 .gallery-caption {\n\t\t\t\tmargin-left: 0;\n\t\t\t}\n\t\t\t\/* see gallery_shortcode() in wp-includes\/media.php *\/\n\t\t<\/style>\n\t\t<div id='gallery-1' class='gallery galleryid-1110 gallery-columns-4 gallery-size-thumbnail'><dl class='gallery-item'>\n\t\t\t<dt class='gallery-icon landscape'>\n\t\t\t\t<a data-rel=\"iLightbox[postimages]\" data-title=\"capannone\" data-caption=\"\" href='https:\/\/www.mcplast.it\/wp-content\/uploads\/2015\/04\/capannone.jpg'><img decoding=\"async\" width=\"150\" height=\"150\" src=\"https:\/\/www.mcplast.it\/wp-content\/uploads\/2015\/04\/capannone-150x150.jpg\" class=\"attachment-thumbnail size-thumbnail\" alt=\"\" srcset=\"https:\/\/www.mcplast.it\/wp-content\/uploads\/2015\/04\/capannone-66x66.jpg 66w, https:\/\/www.mcplast.it\/wp-content\/uploads\/2015\/04\/capannone-150x150.jpg 150w\" sizes=\"(max-width: 150px) 100vw, 150px\" \/><\/a>\n\t\t\t<\/dt><\/dl><dl class='gallery-item'>\n\t\t\t<dt class='gallery-icon portrait'>\n\t\t\t\t<a data-rel=\"iLightbox[postimages]\" data-title=\"cert-ISO-2008-1big\" data-caption=\"\" href='https:\/\/www.mcplast.it\/wp-content\/uploads\/2015\/04\/cert-ISO-2008-1big.jpg'><img decoding=\"async\" width=\"150\" height=\"150\" src=\"https:\/\/www.mcplast.it\/wp-content\/uploads\/2015\/04\/cert-ISO-2008-1big-150x150.jpg\" class=\"attachment-thumbnail size-thumbnail\" alt=\"\" srcset=\"https:\/\/www.mcplast.it\/wp-content\/uploads\/2015\/04\/cert-ISO-2008-1big-66x66.jpg 66w, https:\/\/www.mcplast.it\/wp-content\/uploads\/2015\/04\/cert-ISO-2008-1big-150x150.jpg 150w\" sizes=\"(max-width: 150px) 100vw, 150px\" \/><\/a>\n\t\t\t<\/dt><\/dl><dl class='gallery-item'>\n\t\t\t<dt class='gallery-icon portrait'>\n\t\t\t\t<a data-rel=\"iLightbox[postimages]\" data-title=\"cert-ISO-2008-2big\" data-caption=\"\" href='https:\/\/www.mcplast.it\/wp-content\/uploads\/2015\/04\/cert-ISO-2008-2big.jpg'><img decoding=\"async\" width=\"150\" height=\"150\" src=\"https:\/\/www.mcplast.it\/wp-content\/uploads\/2015\/04\/cert-ISO-2008-2big-150x150.jpg\" class=\"attachment-thumbnail size-thumbnail\" alt=\"\" srcset=\"https:\/\/www.mcplast.it\/wp-content\/uploads\/2015\/04\/cert-ISO-2008-2big-66x66.jpg 66w, https:\/\/www.mcplast.it\/wp-content\/uploads\/2015\/04\/cert-ISO-2008-2big-150x150.jpg 150w\" sizes=\"(max-width: 150px) 100vw, 150px\" \/><\/a>\n\t\t\t<\/dt><\/dl><dl class='gallery-item'>\n\t\t\t<dt class='gallery-icon landscape'>\n\t\t\t\t<a data-rel=\"iLightbox[postimages]\" data-title=\"gruppo\" data-caption=\"\" href='https:\/\/www.mcplast.it\/wp-content\/uploads\/2015\/04\/gruppo.jpg'><img decoding=\"async\" width=\"150\" height=\"150\" src=\"https:\/\/www.mcplast.it\/wp-content\/uploads\/2015\/04\/gruppo-150x150.jpg\" class=\"attachment-thumbnail size-thumbnail\" alt=\"\" srcset=\"https:\/\/www.mcplast.it\/wp-content\/uploads\/2015\/04\/gruppo-66x66.jpg 66w, https:\/\/www.mcplast.it\/wp-content\/uploads\/2015\/04\/gruppo-150x150.jpg 150w\" sizes=\"(max-width: 150px) 100vw, 150px\" \/><\/a>\n\t\t\t<\/dt><\/dl><br style=\"clear: both\" \/>\n\t\t<\/div>\n\n<\/div><div class=\"fusion-clearfix\"><\/div><\/div><\/div><\/div><\/div>\n","protected":false},"excerpt":{"rendered":"","protected":false},"author":1,"featured_media":0,"parent":0,"menu_order":3,"comment_status":"open","ping_status":"closed","template":"","meta":{"_monsterinsights_skip_tracking":false,"_monsterinsights_sitenote_active":false,"_monsterinsights_sitenote_note":"","_monsterinsights_sitenote_category":0,"footnotes":""},"class_list":["post-1110","page","type-page","status-publish","hentry"],"yoast_head":"<!-- This site is optimized with the Yoast SEO plugin v27.5 - https:\/\/yoast.com\/product\/yoast-seo-wordpress\/ -->\n<title>Unternehmen - MC Plast<\/title>\n<meta name=\"robots\" content=\"index, follow, max-snippet:-1, max-image-preview:large, max-video-preview:-1\" \/>\n<link rel=\"canonical\" href=\"https:\/\/www.mcplast.it\/de\/unternehmen\/\" \/>\n<meta property=\"og:locale\" content=\"de_DE\" \/>\n<meta property=\"og:type\" content=\"article\" \/>\n<meta property=\"og:title\" content=\"Unternehmen - MC Plast\" \/>\n<meta property=\"og:url\" content=\"https:\/\/www.mcplast.it\/de\/unternehmen\/\" \/>\n<meta property=\"og:site_name\" content=\"MC Plast\" \/>\n<meta property=\"article:modified_time\" content=\"2021-06-07T14:57:11+00:00\" \/>\n<meta name=\"twitter:card\" content=\"summary_large_image\" \/>\n<meta name=\"twitter:label1\" content=\"Gesch\u00e4tzte Lesezeit\" \/>\n\t<meta name=\"twitter:data1\" content=\"1\u00a0Minute\" \/>\n<script type=\"application\/ld+json\" class=\"yoast-schema-graph\">{\"@context\":\"https:\\\/\\\/schema.org\",\"@graph\":[{\"@type\":\"WebPage\",\"@id\":\"https:\\\/\\\/www.mcplast.it\\\/de\\\/unternehmen\\\/\",\"url\":\"https:\\\/\\\/www.mcplast.it\\\/de\\\/unternehmen\\\/\",\"name\":\"Unternehmen - MC Plast\",\"isPartOf\":{\"@id\":\"https:\\\/\\\/www.mcplast.it\\\/de\\\/#website\"},\"datePublished\":\"2016-10-13T14:03:35+00:00\",\"dateModified\":\"2021-06-07T14:57:11+00:00\",\"breadcrumb\":{\"@id\":\"https:\\\/\\\/www.mcplast.it\\\/de\\\/unternehmen\\\/#breadcrumb\"},\"inLanguage\":\"de\",\"potentialAction\":[{\"@type\":\"ReadAction\",\"target\":[\"https:\\\/\\\/www.mcplast.it\\\/de\\\/unternehmen\\\/\"]}]},{\"@type\":\"BreadcrumbList\",\"@id\":\"https:\\\/\\\/www.mcplast.it\\\/de\\\/unternehmen\\\/#breadcrumb\",\"itemListElement\":[{\"@type\":\"ListItem\",\"position\":1,\"name\":\"Home\",\"item\":\"https:\\\/\\\/www.mcplast.it\\\/de\\\/\"},{\"@type\":\"ListItem\",\"position\":2,\"name\":\"Unternehmen\"}]},{\"@type\":\"WebSite\",\"@id\":\"https:\\\/\\\/www.mcplast.it\\\/de\\\/#website\",\"url\":\"https:\\\/\\\/www.mcplast.it\\\/de\\\/\",\"name\":\"MC Plast\",\"description\":\"Un nuovo sito targato WordPress\",\"potentialAction\":[{\"@type\":\"SearchAction\",\"target\":{\"@type\":\"EntryPoint\",\"urlTemplate\":\"https:\\\/\\\/www.mcplast.it\\\/de\\\/?s={search_term_string}\"},\"query-input\":{\"@type\":\"PropertyValueSpecification\",\"valueRequired\":true,\"valueName\":\"search_term_string\"}}],\"inLanguage\":\"de\"}]}<\/script>\n<!-- \/ Yoast SEO plugin. -->","yoast_head_json":{"title":"Unternehmen - MC Plast","robots":{"index":"index","follow":"follow","max-snippet":"max-snippet:-1","max-image-preview":"max-image-preview:large","max-video-preview":"max-video-preview:-1"},"canonical":"https:\/\/www.mcplast.it\/de\/unternehmen\/","og_locale":"de_DE","og_type":"article","og_title":"Unternehmen - MC Plast","og_url":"https:\/\/www.mcplast.it\/de\/unternehmen\/","og_site_name":"MC Plast","article_modified_time":"2021-06-07T14:57:11+00:00","twitter_card":"summary_large_image","twitter_misc":{"Gesch\u00e4tzte Lesezeit":"1\u00a0Minute"},"schema":{"@context":"https:\/\/schema.org","@graph":[{"@type":"WebPage","@id":"https:\/\/www.mcplast.it\/de\/unternehmen\/","url":"https:\/\/www.mcplast.it\/de\/unternehmen\/","name":"Unternehmen - MC Plast","isPartOf":{"@id":"https:\/\/www.mcplast.it\/de\/#website"},"datePublished":"2016-10-13T14:03:35+00:00","dateModified":"2021-06-07T14:57:11+00:00","breadcrumb":{"@id":"https:\/\/www.mcplast.it\/de\/unternehmen\/#breadcrumb"},"inLanguage":"de","potentialAction":[{"@type":"ReadAction","target":["https:\/\/www.mcplast.it\/de\/unternehmen\/"]}]},{"@type":"BreadcrumbList","@id":"https:\/\/www.mcplast.it\/de\/unternehmen\/#breadcrumb","itemListElement":[{"@type":"ListItem","position":1,"name":"Home","item":"https:\/\/www.mcplast.it\/de\/"},{"@type":"ListItem","position":2,"name":"Unternehmen"}]},{"@type":"WebSite","@id":"https:\/\/www.mcplast.it\/de\/#website","url":"https:\/\/www.mcplast.it\/de\/","name":"MC Plast","description":"Un nuovo sito targato WordPress","potentialAction":[{"@type":"SearchAction","target":{"@type":"EntryPoint","urlTemplate":"https:\/\/www.mcplast.it\/de\/?s={search_term_string}"},"query-input":{"@type":"PropertyValueSpecification","valueRequired":true,"valueName":"search_term_string"}}],"inLanguage":"de"}]}},"_links":{"self":[{"href":"https:\/\/www.mcplast.it\/de\/wp-json\/wp\/v2\/pages\/1110","targetHints":{"allow":["GET"]}}],"collection":[{"href":"https:\/\/www.mcplast.it\/de\/wp-json\/wp\/v2\/pages"}],"about":[{"href":"https:\/\/www.mcplast.it\/de\/wp-json\/wp\/v2\/types\/page"}],"author":[{"embeddable":true,"href":"https:\/\/www.mcplast.it\/de\/wp-json\/wp\/v2\/users\/1"}],"replies":[{"embeddable":true,"href":"https:\/\/www.mcplast.it\/de\/wp-json\/wp\/v2\/comments?post=1110"}],"version-history":[{"count":5,"href":"https:\/\/www.mcplast.it\/de\/wp-json\/wp\/v2\/pages\/1110\/revisions"}],"predecessor-version":[{"id":1849,"href":"https:\/\/www.mcplast.it\/de\/wp-json\/wp\/v2\/pages\/1110\/revisions\/1849"}],"wp:attachment":[{"href":"https:\/\/www.mcplast.it\/de\/wp-json\/wp\/v2\/media?parent=1110"}],"curies":[{"name":"wp","href":"https:\/\/api.w.org\/{rel}","templated":true}]}}